{"id":19935,"date":"2022-08-29T19:44:02","date_gmt":"2022-08-29T17:44:02","guid":{"rendered":"https:\/\/mariarapelafoto.com\/?page_id=19935"},"modified":"2024-08-13T14:42:44","modified_gmt":"2024-08-13T12:42:44","slug":"about-me-maria-rapela","status":"publish","type":"page","link":"https:\/\/mariarapelafoto.com\/en\/about-me-maria-rapela\/","title":{"rendered":""},"content":{"rendered":"<div class=\"vce-row-container\" data-vce-boxed-width=\"true\"><div class=\"vce-row vce-row--col-gap-30 vce-row-equal-height vce-row-content--top\" id=\"el-85a3b8e3\" data-vce-do-apply=\"all el-85a3b8e3\"><div class=\"vce-content-background-container\"><\/div><div class=\"vce-row-content\" data-vce-element-content=\"true\"><div class=\"vce-col vce-col--md-auto vce-col--xs-1 vce-col--xs-last vce-col--xs-first vce-col--sm-last vce-col--sm-first vce-col--md-first vce-col--lg-first vce-col--xl-first\" id=\"el-bdd801be\"><div class=\"vce-col-inner\" data-vce-do-apply=\"border margin background  el-bdd801be\"><div class=\"vce-col-content\" data-vce-element-content=\"true\" data-vce-do-apply=\"padding el-bdd801be\"><div class=\"vce-feature-description vce\" id=\"el-ed6e85e5\" data-vce-do-apply=\"all el-ed6e85e5\"><div><div class=\"vce-feature-description-image-wrapper vce-feature-description-image-align--center\" style=\"width: 300px;\"><div class=\"vce-feature-description-image vce-features-shape--filled-circle vce-feature-description-image--background-position-center-center lazyload\" style=\"background-image:inherit; padding: 0px 0px 100%;\" data-bg-image=\"url(&#039;https:\/\/mariarapelafoto.com\/wp-content\/uploads\/2024\/08\/Maria-Rapela-Foto-Portrait-Retrato-mio-2024-1.jpg&#039;)\"><\/div><\/div><div class=\"vce-feature-description-content\"><h1 style=\"text-align: center;\">&nbsp;<\/h1>\n<h1 style=\"text-align: center;\"><span style=\"font-family: Montserrat; font-size: 36pt; font-weight: bold; font-style: normal;\">Maria Rapela<\/span><\/h1><\/div><div class=\"\"><\/div><\/div><\/div><\/div><\/div><\/div><div class=\"vce-col vce-col--md-auto vce-col--xs-1 vce-col--xs-last vce-col--xs-first vce-col--sm-last vce-col--sm-first vce-col--md-last vce-col--lg-last vce-col--xl-last\" id=\"el-fb35677a\"><div class=\"vce-col-inner\" data-vce-do-apply=\"border margin background  el-fb35677a\"><div class=\"vce-col-content\" data-vce-element-content=\"true\" data-vce-do-apply=\"padding el-fb35677a\"><div class=\"vce-text-block\"><div class=\"vce-text-block-wrapper vce\" id=\"el-851e688c\" data-vce-do-apply=\"all el-851e688c\"><div>\n<p><!-- LayerSlider updates and docs at: https:\/\/layerslider.com --><noscript><\/p>\n<style>.vce-row-container .vcv-lozad {display: none}<\/style>\n<p><\/noscript><\/p>\n<\/div>\n<p>&nbsp;<\/p>\n<div>\n<p class=\"p1\"><span style=\"font-size: 14pt; font-family: Montserrat; color: #808080;\">I am a cross-disciplinary photographer with a degree in art and anthropology.<\/span><\/p>\n<p class=\"p1\"><span style=\"font-size: 14pt; font-family: Montserrat; color: #808080;\">For many years I was an amateur photographer and used photography as a tool while studying anthropology or to document my artistic work (painting). I have been blogging since 2007, using images and text to communicate.<\/span><\/p>\n<p class=\"p1\"><span style=\"font-size: 14pt; font-family: Montserrat; color: #808080;\">I have always enjoyed capturing moments and people: Events, social situations, meetings, special gatherings and portraits.<\/span><\/p>\n<p class=\"p1\"><span style=\"font-size: 14pt; font-family: Montserrat; color: #808080;\">Over time, I've realized the importance of photography to create visual memories and tell stories - whether it's of a short event or your business, passion, and so on.<\/span><\/p>\n<p class=\"p1\"><span style=\"font-size: 14pt; font-family: Montserrat; color: #808080;\">In 2019, I decided to take my photography to the next level. I purchased professional equipment, attended several workshops and practiced a lot. Since then I was able to show my skills and help many people with event photography or professional portraits.<\/span><\/p>\n<p class=\"p1\"><span style=\"font-size: 14pt; font-family: Montserrat; color: #808080;\">I have learned, along with several personal photography projects, that helping and serving others is important to me. If you would like to talk to me about your project, optimizing your company image or an upcoming event, feel free to contact me and we can chat via Zoom or over coffee.<\/span><\/p>\n<p class=\"p1\"><span style=\"font-size: 14pt; font-family: Montserrat; color: #808080;\">I enjoy working with businesses (corporate) and individuals who need my photographic services. I adapt to each project and need and can provide you with a customized proposal that meets your expectations.<\/span><\/p>\n<p class=\"p1\"><span style=\"font-size: 14pt; font-family: Montserrat; color: #808080;\">If you want to know more about my painting and artistic work, I invite you to visit my website:<\/span><\/p>\n<p><a href=\"http:\/\/mariarapela.com\/\" target=\"_blank\" rel=\"noopener\"><span style=\"font-size: 14pt; font-family: Montserrat; color: #808080;\"><strong>http:\/\/mariarapela.com\/<\/strong><\/span><\/a><\/p>\n<p>&nbsp;<\/p>\n<\/div>\n<div>&nbsp;<\/div><\/div><\/div><\/div><\/div><\/div><\/div><\/div><\/div><div class=\"vce-row-container\" data-vce-boxed-width=\"true\"><div class=\"vce-row vce-row--col-gap-30 vce-row-equal-height vce-row-content--top\" id=\"el-048c4e1f\" data-vce-do-apply=\"all el-048c4e1f\"><div class=\"vce-row-content\" data-vce-element-content=\"true\"><div class=\"vce-col vce-col--md-auto vce-col--xs-1 vce-col--xs-last vce-col--xs-first vce-col--sm-last vce-col--sm-first vce-col--md-last vce-col--lg-last vce-col--xl-last vce-col--md-first vce-col--lg-first vce-col--xl-first\" id=\"el-fc0275cf\"><div class=\"vce-col-inner\" data-vce-do-apply=\"border margin background  el-fc0275cf\"><div class=\"vce-col-content\" data-vce-element-content=\"true\" data-vce-do-apply=\"padding el-fc0275cf\"><div class=\"vcv-row-control-wrapper\"><\/div><\/div><\/div><\/div><\/div><\/div><\/div>","protected":false},"excerpt":{"rendered":"<p>&nbsp; Maria Rapela &nbsp; Ich bin Quereinsteiger Fotografin mit Kunst und Anthropologie Studium. Viele Jahre lang war ich als Amateurfotografin t\u00e4tig und habe die Fotografie als Werkzeug w\u00e4hrend meines Studiums der Anthropologie eingesetzt oder um meine k\u00fcnstlerischen Arbeiten (Malerei) zu dokumentieren. Ich blogge seit 2007 und benutze Bilder und Texte, um zu kommunizieren. Es hat [&hellip;]<\/p>\n","protected":false},"author":1,"featured_media":0,"parent":0,"menu_order":0,"comment_status":"closed","ping_status":"closed","template":"","meta":{"_acf_changed":false,"footnotes":""},"class_list":["post-19935","page","type-page","status-publish","hentry"],"acf":[],"_links":{"self":[{"href":"https:\/\/mariarapelafoto.com\/en\/wp-json\/wp\/v2\/pages\/19935","targetHints":{"allow":["GET"]}}],"collection":[{"href":"https:\/\/mariarapelafoto.com\/en\/wp-json\/wp\/v2\/pages"}],"about":[{"href":"https:\/\/mariarapelafoto.com\/en\/wp-json\/wp\/v2\/types\/page"}],"author":[{"embeddable":true,"href":"https:\/\/mariarapelafoto.com\/en\/wp-json\/wp\/v2\/users\/1"}],"replies":[{"embeddable":true,"href":"https:\/\/mariarapelafoto.com\/en\/wp-json\/wp\/v2\/comments?post=19935"}],"version-history":[{"count":0,"href":"https:\/\/mariarapelafoto.com\/en\/wp-json\/wp\/v2\/pages\/19935\/revisions"}],"wp:attachment":[{"href":"https:\/\/mariarapelafoto.com\/en\/wp-json\/wp\/v2\/media?parent=19935"}],"curies":[{"name":"wp","href":"https:\/\/api.w.org\/{rel}","templated":true}]}}