{"id":18387,"date":"2020-10-23T13:00:59","date_gmt":"2020-10-23T12:00:59","guid":{"rendered":"https:\/\/mariarapelafoto.com\/?page_id=18387"},"modified":"2022-10-13T16:06:01","modified_gmt":"2022-10-13T14:06:01","slug":"stilberatung","status":"publish","type":"page","link":"https:\/\/mariarapelafoto.com\/en\/stilberatung\/","title":{"rendered":"Stilberatung"},"content":{"rendered":"<div class=\"vce-row-container\" data-vce-boxed-width=\"true\"><div class=\"vce-row vce-row--col-gap-30 vce-row-content--top\" id=\"el-66d12bc8\" data-vce-do-apply=\"all el-66d12bc8\"><div class=\"vce-row-content\" data-vce-element-content=\"true\"><div class=\"vce-col vce-col--md-auto vce-col--xs-1 vce-col--xs-last vce-col--xs-first vce-col--sm-last vce-col--sm-first vce-col--md-last vce-col--lg-last vce-col--xl-last vce-col--md-first vce-col--lg-first vce-col--xl-first\" id=\"el-b4c9047c\"><div class=\"vce-col-inner\" data-vce-do-apply=\"border margin background  el-b4c9047c\"><div class=\"vce-col-content\" data-vce-element-content=\"true\" data-vce-do-apply=\"padding el-b4c9047c\"><div class=\"vce-row-container\" data-vce-boxed-width=\"true\"><div class=\"vce-row vce-row--col-gap-30 vce-row-content--top\" id=\"el-b7c427e7\" data-vce-do-apply=\"all el-b7c427e7\"><div class=\"vce-row-content\" data-vce-element-content=\"true\"><div class=\"vce-col vce-col--md-auto vce-col--xs-1 vce-col--xs-last vce-col--xs-first vce-col--sm-last vce-col--sm-first vce-col--md-last vce-col--lg-last vce-col--xl-last vce-col--md-first vce-col--lg-first vce-col--xl-first\" id=\"el-203d327d\"><div class=\"vce-col-inner\" data-vce-do-apply=\"border margin background  el-203d327d\"><div class=\"vce-col-content\" data-vce-element-content=\"true\" data-vce-do-apply=\"padding el-203d327d\"><\/div><\/div><\/div><\/div><\/div><\/div><\/div><\/div><\/div><\/div><\/div><\/div><div class=\"vce-row-container\" data-vce-boxed-width=\"true\"><div class=\"vce-row vce-row--col-gap-30 vce-row-content--top\" id=\"el-6d5f3957\" data-vce-do-apply=\"all el-6d5f3957\"><div class=\"vce-row-content\" data-vce-element-content=\"true\"><div class=\"vce-col vce-col--md-auto vce-col--xs-1 vce-col--xs-last vce-col--xs-first vce-col--sm-last vce-col--sm-first vce-col--md-last vce-col--lg-last vce-col--xl-last vce-col--md-first vce-col--lg-first vce-col--xl-first\" id=\"el-65a3b05c\"><div class=\"vce-col-inner\" data-vce-do-apply=\"border margin background  el-65a3b05c\"><div class=\"vce-col-content\" data-vce-element-content=\"true\" data-vce-do-apply=\"padding el-65a3b05c\"><\/div><\/div><\/div><\/div><\/div><\/div><div class=\"vce-row-container\"><div class=\"vce-row vce-row--col-gap-30 vce-row-content--top vcv-state--show-resizer\" data-vce-full-width=\"true\" data-vce-stretch-content=\"true\" id=\"el-8da0c288\" data-vce-do-apply=\"all el-8da0c288\"><div class=\"vce-row-content\" data-vce-element-content=\"true\"><div class=\"vce-col vce-col--md-auto vce-col--xs-1 vce-col--xs-last vce-col--xs-first vce-col--sm-last vce-col--sm-first vce-col--md-first vce-col--lg-first vce-col--xl-first\" id=\"el-e2f4d20b\"><div class=\"vce-col-inner\" data-vce-do-apply=\"border margin background  el-e2f4d20b\"><div class=\"vce-col-content\" data-vce-element-content=\"true\" data-vce-do-apply=\"padding el-e2f4d20b\"><div class=\"vce-single-image-container vce-single-image--align-left\"><div class=\"vce vce-single-image-wrapper\" id=\"el-5f1dc034\" data-vce-do-apply=\"all el-5f1dc034\"><figure><div class=\"vce-single-image-inner vce-single-image--absolute\" style=\"padding-bottom: 125%; width: 400px; position: relative; overflow: hidden;\"><img decoding=\"async\" class=\"vce-single-image lazyload\" width=\"400\" height=\"500\" data-src=\"https:\/\/mariarapelafoto.com\/wp-content\/uploads\/2021\/04\/DSC09905-\u00a9MariaRapela2020business-portrait-mit-style-fuer-entrepreuneurs-fempreneurs-und-styleberatung-berlin-style-councellor-asesora-de-estilo-photography-400x500.jpg\" data-srcset=\"https:\/\/mariarapelafoto.com\/wp-content\/uploads\/2021\/04\/DSC09905-\u00a9MariaRapela2020business-portrait-mit-style-fuer-entrepreuneurs-fempreneurs-und-styleberatung-berlin-style-councellor-asesora-de-estilo-photography-320x400.jpg 320w,https:\/\/mariarapelafoto.com\/wp-content\/uploads\/2021\/04\/DSC09905-\u00a9MariaRapela2020business-portrait-mit-style-fuer-entrepreuneurs-fempreneurs-und-styleberatung-berlin-style-councellor-asesora-de-estilo-photography-400x500.jpg 400w\" data-img-src=\"https:\/\/mariarapelafoto.com\/wp-content\/uploads\/2020\/10\/DSC09905-\u00a9MariaRapela2020business-portrait-mit-style-fuer-entrepreuneurs-fempreneurs-und-styleberatung-berlin-style-councellor-asesora-de-estilo-photography.jpg\" alt=\"\" title=\"DSC09905-\u00a9MariaRapela:2020:business portrait mit style fuer entrepreuneurs fempreneurs und styleberatung berlin style councellor asesora de estilo photography\" src=\"data:image\/svg+xml;base64,PHN2ZyB3aWR0aD0iMSIgaGVpZ2h0PSIxIiB4bWxucz0iaHR0cDovL3d3dy53My5vcmcvMjAwMC9zdmciPjwvc3ZnPg==\" style=\"--smush-placeholder-width: 400px; --smush-placeholder-aspect-ratio: 400\/500;\" \/><img decoding=\"async\" data-src=\"https:\/\/mariarapelafoto.com\/wp-content\/uploads\/2020\/10\/DSC09905-\u00a9MariaRapela2020business-portrait-mit-style-fuer-entrepreuneurs-fempreneurs-und-styleberatung-berlin-style-councellor-asesora-de-estilo-photography.jpg\" class=\"zoomImg lazyload\" style=\"--smush-placeholder-width: 683px; --smush-placeholder-aspect-ratio: 683\/1024;position: absolute; top: -356.32px; left: -9.1975px; opacity: 0; width: 683px; height: 1024px; border: medium none; max-width: none; max-height: none;\" src=\"data:image\/svg+xml;base64,PHN2ZyB3aWR0aD0iMSIgaGVpZ2h0PSIxIiB4bWxucz0iaHR0cDovL3d3dy53My5vcmcvMjAwMC9zdmciPjwvc3ZnPg==\"><\/div><figcaption hidden=\"\"><\/figcaption><\/figure><\/div><\/div><\/div><\/div><\/div><div class=\"vce-col vce-col--md-auto vce-col--xs-1 vce-col--xs-last vce-col--xs-first vce-col--sm-last vce-col--sm-first vce-col--md-last vce-col--lg-last vce-col--xl-last\" id=\"el-ce8b0851\"><div class=\"vce-col-inner\" data-vce-do-apply=\"border margin background  el-ce8b0851\"><div class=\"vce-col-content\" data-vce-element-content=\"true\" data-vce-do-apply=\"padding el-ce8b0851\"><div class=\"vce-text-block\"><div class=\"vce-text-block-wrapper vce\" id=\"el-141c488f\" data-vce-do-apply=\"all el-141c488f\"><h2><span style=\"font-weight: 400; font-style: normal;\"><span style=\"font-family: Montserrat; font-size: 18pt; color: #808080;\">Stilberatung mit Anastasiia, entweder vor ort oder Online<\/span><\/span><\/h2><p><strong><span style=\"font-family: Montserrat; color: #808080;\"> Vort Ort<\/span><\/strong><br><span style=\"font-family: Montserrat; color: #808080;\">Wir arbeiten zusammen mit der Kundin bei ihr zu Hause und bereiten sie auf das Fotoshooting vor. Wir schauen zusammen ihren Kleiderschrank an, suchen die passenden Outfits aus und stellen noch die m\u00f6glichen Kombinationen zusammen. <\/span><br><span style=\"font-family: Montserrat; color: #808080;\">Wir beachten welchen Eindruck sie mit ihren Fotos machen m\u00f6chte, was ihr bei ihrem Aussehen wichtig ist und was ihr steht. <\/span><br><span style=\"font-family: Montserrat; color: #808080;\">Wenn n\u00f6tig, kann ich die Empfehlungen geben, was die Kundin noch kaufen k\u00f6nnte, um mehr Kombinationsm\u00f6glichkeiten mit ihren Sachen zu haben. <\/span><span style=\"font-family: Montserrat; color: #808080;\">Dauer ca. 1,5-2 Stunden.<\/span><\/p><p><strong><span style=\"font-family: Montserrat; color: #808080;\">Online<\/span><\/strong><br><span style=\"font-family: Montserrat; color: #808080;\">Die Kundin schickt mir im Voraus die Fotos von ihren Outfits, die sie f\u00fcrs Fotoshooting plant und dann telefonieren wir per Zoom oder Whatsapp, ich gebe ihr meine Empfehlungen. Wenn n\u00f6tig, stellen wir noch andere Outfitskombinationen zusammen.&nbsp;&nbsp;&nbsp;&nbsp;&nbsp;&nbsp;&nbsp;&nbsp;&nbsp;&nbsp;&nbsp;&nbsp;&nbsp;&nbsp;&nbsp;&nbsp;&nbsp;&nbsp;&nbsp;&nbsp;&nbsp;&nbsp;&nbsp;&nbsp; <\/span><span style=\"font-family: Montserrat; color: #808080;\">Dauer ca. 1,5-2 Std.<\/span><\/p><p>&nbsp;<\/p><p>&nbsp;<\/p><p>&nbsp;<\/p><\/div><\/div><\/div><\/div><\/div><\/div><\/div><\/div><div class=\"vce-row-container\" data-vce-boxed-width=\"true\"><div class=\"vce-row vce-row--col-gap-30 vce-row-content--top\" id=\"el-32c7d7c3\" data-vce-do-apply=\"all el-32c7d7c3\"><div class=\"vce-row-content\" data-vce-element-content=\"true\"><div class=\"vce-col vce-col--md-66-66p vce-col--xs-1 vce-col--xs-last vce-col--xs-first vce-col--sm-last vce-col--sm-first vce-col--md-first vce-col--lg-first vce-col--xl-first\" id=\"el-775a846d\"><div class=\"vce-col-inner\" data-vce-do-apply=\"border margin background  el-775a846d\"><div class=\"vce-col-content\" data-vce-element-content=\"true\" data-vce-do-apply=\"padding el-775a846d\"><div class=\"vce-row-container\"><div class=\"vce-row vce-row--col-gap-30 vce-row-content--top\" data-vce-full-width=\"true\" data-vce-stretch-content=\"true\" id=\"el-77245943\" data-vce-do-apply=\"all el-77245943\"><div class=\"vce-row-content\" data-vce-element-content=\"true\"><div class=\"vce-col vce-col--md-auto vce-col--xs-1 vce-col--xs-last vce-col--xs-first vce-col--sm-last vce-col--sm-first vce-col--md-last vce-col--lg-last vce-col--xl-last vce-col--md-first vce-col--lg-first vce-col--xl-first\" id=\"el-aac36ca0\"><div class=\"vce-col-inner\" data-vce-do-apply=\"border margin background  el-aac36ca0\"><div class=\"vce-col-content\" data-vce-element-content=\"true\" data-vce-do-apply=\"padding el-aac36ca0\"><div class=\"vce-text-block\"><div class=\"vce-text-block-wrapper vce\" id=\"el-2bd850aa\" data-vce-do-apply=\"all el-2bd850aa\"><\/div><\/div><\/div><\/div><\/div><\/div><\/div><\/div><\/div><\/div><\/div><div class=\"vce-col vce-col--md-33-34p vce-col--xs-1 vce-col--xs-last vce-col--xs-first vce-col--sm-last vce-col--sm-first vce-col--md-last vce-col--lg-last vce-col--xl-last\" id=\"el-bf1f10cb\"><div class=\"vce-col-inner\" data-vce-do-apply=\"border margin background  el-bf1f10cb\"><div class=\"vce-col-content\" data-vce-element-content=\"true\" data-vce-do-apply=\"padding el-bf1f10cb\"><\/div><\/div><\/div><\/div><\/div><\/div><div class=\"vce-row-container\"><div class=\"vce-row vce-row--col-gap-30 vce-row-content--top\" data-vce-full-width=\"true\" data-vce-stretch-content=\"true\" id=\"el-3f7882c6\" data-vce-do-apply=\"all el-3f7882c6\"><div class=\"vce-row-content\" data-vce-element-content=\"true\"><div class=\"vce-col vce-col--md-auto vce-col--xs-1 vce-col--xs-last vce-col--xs-first vce-col--sm-last vce-col--sm-first vce-col--md-first vce-col--lg-first vce-col--xl-first\" id=\"el-708aa997\"><div class=\"vce-col-inner\" data-vce-do-apply=\"border margin background  el-708aa997\"><div class=\"vce-col-content\" data-vce-element-content=\"true\" data-vce-do-apply=\"padding el-708aa997\"><div class=\"vce-text-block\"><div class=\"vce-text-block-wrapper vce\" id=\"el-e2ba30a6\" data-vce-do-apply=\"all el-e2ba30a6\"><h2><span style=\"font-size: 12pt; color: #808080; font-family: Montserrat;\">Email: info (@) mariarapelafoto.com<\/span><\/h2>\r\n<p><span style=\"font-size: 12pt; font-family: Montserrat; color: #808080;\">Tel: +49 (0) 17644277015<\/span><\/p>\r\n<p><span style=\"font-size: 12pt; font-family: Montserrat; color: #808080;\">Berlin, Deutschland<\/span><\/p>\r\n<p>&nbsp;<\/p><\/div><\/div><div class=\"vce-button--style-basic-container vce-button--style-basic-container--align-left\"><span class=\"vce-button--style-basic-wrapper vce\" id=\"el-ff1be299\" data-vce-do-apply=\"margin el-ff1be299\"><a class=\"vce-button--style-basic vce-button--style-basic--border-round vce-button--style-basic--size-medium vce-button--style-basic--color-b-182-140-202--b-68-68-68\" href=\"mailto:maluigi79@gmail.com\" title=\"\" data-vce-do-apply=\"padding border background  el-ff1be299\">Email schreiben<\/a><\/span><\/div><div class=\"vce-button--style-basic-container vce-button--style-basic-container--align-left\"><span class=\"vce-button--style-basic-wrapper vce\" id=\"el-b8b03d20\" data-vce-do-apply=\"margin el-b8b03d20\"><a class=\"vce-button--style-basic vce-button--style-basic--border-round vce-button--style-basic--size-medium vce-button--style-basic--color-b-182-140-202--b-68-68-68\" href=\"tel:+49(0)17644277015\" title=\"\" data-vce-do-apply=\"padding border background  el-b8b03d20\">Call now and book your photoshooting<\/a><\/span><\/div><div class=\"vce-button--style-basic-container vce-button--style-basic-container--align-left\"><span class=\"vce-button--style-basic-wrapper vce\" id=\"el-e5c41eb8\" data-vce-do-apply=\"margin el-e5c41eb8\"><a class=\"vce-button--style-basic vce-button--style-basic--border-round vce-button--style-basic--size-medium vce-button--style-basic--color-b-182-140-202--b-68-68-68\" href=\"https:\/\/wa.me\/4917644277015\" title=\"\" data-vce-do-apply=\"padding border background  el-e5c41eb8\">Jetzt per whatsapp chatten<\/a><\/span><\/div><\/div><\/div><\/div><div class=\"vce-col vce-col--md-auto vce-col--xs-1 vce-col--xs-last vce-col--xs-first vce-col--sm-last vce-col--sm-first vce-col--md-last vce-col--lg-last vce-col--xl-last\" id=\"el-71479fda\"><div class=\"vce-col-inner\" data-vce-do-apply=\"border margin background  el-71479fda\"><div class=\"vce-col-content\" data-vce-element-content=\"true\" data-vce-do-apply=\"padding el-71479fda\"><\/div><\/div><\/div><\/div><\/div><\/div>","protected":false},"excerpt":{"rendered":"<p>Stilberatung mit Anastasiia, entweder vor ort oder Online Vort OrtWir arbeiten zusammen mit der Kundin bei ihr zu Hause und bereiten sie auf das Fotoshooting vor. Wir schauen zusammen ihren Kleiderschrank an, suchen die passenden Outfits aus und stellen noch die m\u00f6glichen Kombinationen zusammen. Wir beachten welchen Eindruck sie mit ihren Fotos machen m\u00f6chte, was [&hellip;]<\/p>\n","protected":false},"author":1,"featured_media":0,"parent":0,"menu_order":0,"comment_status":"open","ping_status":"closed","template":"","meta":{"_acf_changed":false,"footnotes":""},"class_list":["post-18387","page","type-page","status-publish","hentry"],"acf":[],"_links":{"self":[{"href":"https:\/\/mariarapelafoto.com\/en\/wp-json\/wp\/v2\/pages\/18387","targetHints":{"allow":["GET"]}}],"collection":[{"href":"https:\/\/mariarapelafoto.com\/en\/wp-json\/wp\/v2\/pages"}],"about":[{"href":"https:\/\/mariarapelafoto.com\/en\/wp-json\/wp\/v2\/types\/page"}],"author":[{"embeddable":true,"href":"https:\/\/mariarapelafoto.com\/en\/wp-json\/wp\/v2\/users\/1"}],"replies":[{"embeddable":true,"href":"https:\/\/mariarapelafoto.com\/en\/wp-json\/wp\/v2\/comments?post=18387"}],"version-history":[{"count":0,"href":"https:\/\/mariarapelafoto.com\/en\/wp-json\/wp\/v2\/pages\/18387\/revisions"}],"wp:attachment":[{"href":"https:\/\/mariarapelafoto.com\/en\/wp-json\/wp\/v2\/media?parent=18387"}],"curies":[{"name":"wp","href":"https:\/\/api.w.org\/{rel}","templated":true}]}}