{"id":18286,"date":"2020-10-06T10:47:41","date_gmt":"2020-10-06T09:47:41","guid":{"rendered":"https:\/\/mariarapelafoto.com\/?page_id=18286"},"modified":"2025-08-14T11:25:10","modified_gmt":"2025-08-14T09:25:10","slug":"agb","status":"publish","type":"page","link":"https:\/\/mariarapelafoto.com\/en\/agb\/","title":{"rendered":"Terms and Conditions"},"content":{"rendered":"<div class=\"vce-row-container\" data-vce-boxed-width=\"true\"><div class=\"vce-row vce-row--col-gap-30 vce-row-equal-height vce-row-content--top\" id=\"el-bd1ff648\" data-vce-do-apply=\"all el-bd1ff648\"><div class=\"vce-row-content\" data-vce-element-content=\"true\"><div class=\"vce-col vce-col--md-auto vce-col--xs-1 vce-col--xs-last vce-col--xs-first vce-col--sm-last vce-col--sm-first vce-col--md-last vce-col--lg-last vce-col--xl-last vce-col--md-first vce-col--lg-first vce-col--xl-first\" id=\"el-3cdbe3ea\"><div class=\"vce-col-inner\" data-vce-do-apply=\"border margin background  el-3cdbe3ea\"><div class=\"vce-col-content\" data-vce-element-content=\"true\" data-vce-do-apply=\"padding el-3cdbe3ea\"><div class=\"vce-text-block\"><div class=\"vce-text-block-wrapper vce\" id=\"el-6f15608a\" data-vce-do-apply=\"all el-6f15608a\">\n<h2 class=\"wp-block-heading\"><span style=\"font-family: Montserrat;\"><strong><span class=\"tlid-translation translation\" lang=\"de\" style=\"font-style: normal;\"><span class=\"\" title=\"\">Information About the Services Offered on This Website<\/span><\/span><\/strong><\/span><\/h2>\n<p><span style=\"font-family: Montserrat;\"><\/span><\/p>\n<p><span style=\"font-family: Montserrat; font-size: 14pt;\">Die hier vorgestellten Angebote stammen von mir, Maria Rapela, freiberufliche Fotografin, und richten sich an Einzelpersonen oder Unternehmen, die professionelle Fotos ben\u00f6tigen. Wenn Sie mein Angebot annehmen, vereinbaren wir gemeinsam einen Termin f\u00fcr ein Fotoshooting.<\/span><\/p>\n<h2><strong><span class=\"tlid-translation translation\" lang=\"de\"><span class=\"\" title=\"\">Erl\u00e4ut<\/span><\/span><\/strong> Buchung &amp; Personalisierte Services<\/h2>\n<p><span style=\"font-family: Montserrat; font-size: 14pt;\">Auf dieser Seite finden Sie meine etablierten Pakete. Wenn Sie einen individuellen Service w\u00fcnschen, k\u00f6nnen wir Ihre Vorstellungen besprechen und ich erstelle Ihnen ein ma\u00dfgeschneidertes Angebot, das Ihren Anforderungen entspricht.<\/span><\/p>\n<p><span style=\"font-family: Montserrat; font-size: 14pt;\">Wenn Sie sich f\u00fcr ein Fotoshooting entscheiden, schreiben Sie mir bitte \u2013 wir vereinbaren dann einen Termin, abh\u00e4ngig von der Verf\u00fcgbarkeit des Fotostudios.<\/span><\/p>\n<p><span style=\"font-family: Montserrat; font-size: 14pt;\">Falls Sie Fotos im Freien oder an einem bestimmten Ort w\u00fcnschen (z.\u202fB. bei Ihnen zu Hause oder am Arbeitsplatz), teilen Sie mir dies bitte mit. Solche Shootings verursachen zus\u00e4tzliche Kosten durch Anfahrt, Vorbereitung oder Location-Miete.<\/span><\/p>\n<h2><span class=\"tlid-translation translation\" lang=\"de\"><strong>Bildbearbeitung &amp; Lieferung<\/strong><\/span><\/h2>\n<p><span style=\"font-family: Montserrat; font-size: 14pt;\">Ich liefere ausschlie\u00dflich bearbeitete Fotos. Unbearbeitete Bilder sind in keinem Paket enthalten. Wenn Sie zus\u00e4tzliche Fotos w\u00fcnschen, sind diese ebenfalls Teil des kostenpflichtigen Bearbeitungsservices.<\/span><\/p>\n<p><span style=\"font-family: Montserrat; font-size: 14pt;\">Mit der Buchung eines Shootings erkl\u00e4ren Sie sich einverstanden mit:<\/span><\/p>\n<ul>\n<li><span style=\"font-family: Montserrat; font-size: 14pt;\">dem Preis meiner Leistungen<\/span><\/li>\n<li><span style=\"font-family: Montserrat; font-size: 14pt;\">der Dauer der Sitzung<\/span><\/li>\n<li><span style=\"font-family: Montserrat; font-size: 14pt;\">den hier aufgef\u00fchrten Bedingungen und Konditionen<\/span><\/li>\n<\/ul>\n<h2>Zahlung &amp; R\u00fcckerstattung<\/h2>\n<p><span style=\"font-family: Montserrat; font-size: 14pt;\">Je nach gebuchtem Paket kann eine Anzahlung erforderlich sein \u2013 in manchen F\u00e4llen erfolgt die Zahlung auch erst nach dem Shooting.<\/span><\/p>\n<p><span style=\"font-family: Montserrat; font-size: 14pt;\">Bitte beachten Sie:<\/span><\/p>\n<ul>\n<li><span style=\"font-family: Montserrat; font-size: 14pt;\">Es werden keine R\u00fcckerstattungen nach der Sitzung gew\u00e4hrt.<\/span><\/li>\n<li><span style=\"font-family: Montserrat; font-size: 14pt;\">Es kann sein, dass Ihnen die Fotos gefallen \u2013 oder auch nicht.<\/span><\/li>\n<li><span style=\"font-family: Montserrat; font-size: 14pt;\">Um Transparenz zu gew\u00e4hrleisten, bleibe ich w\u00e4hrend des Bearbeitungsprozesses mit Ihnen in Kontakt, damit Sie den Fortschritt der Bilder mitverfolgen k\u00f6nnen<\/span><\/li>\n<\/ul>\n<p><span style=\"font-family: Montserrat; font-size: 14pt;\">Ich biete eine kostenlose \u00c4nderungsrunde an. Jede weitere Bearbeitung ist kostenpflichtig und richtet sich nach dem gew\u00e4hlten Paket, den \u00c4nderungsw\u00fcnschen und dem erforderlichen Zeitaufwand.<\/span><\/p>\n<h2><span style=\"font-family: Montserrat;\">K\u00fcnstlerische Interpretation &amp; Erwartungen<\/span><\/h2>\n<p><span style=\"font-family: Montserrat; font-size: 14pt;\">Es werden keine Rabatte gew\u00e4hrt, wenn Sie die Fotos nicht m\u00f6chten oder sie Ihnen nicht gefallen. Mit Ihrer Zustimmung zur Sitzung akzeptieren Sie, dass Fotografie ein subjektiver, k\u00fcnstlerischer Prozess ist. Jedes Bild stellt eine pers\u00f6nliche Interpretation der Fotografin dar und ist somit eine neue Darstellung einer Person oder Situation.<\/span><\/p>\n<p><span style=\"font-family: Montserrat; font-size: 14pt;\">Sie k\u00f6nnen mir gerne Ideen oder ein Moodboard schicken \u2013 diese dienen jedoch ausschlie\u00dflich als Inspiration und nicht als Vorlage f\u00fcr eine exakte Kopie. Ich verpflichte mich nicht und garantiere auch nicht, Fotos anderer Personen exakt nachzustellen.<\/span><\/p>\n<p><span style=\"font-family: Montserrat; font-size: 14pt;\">Im Gegensatz zu Produkten, die man zur\u00fcckgeben kann, wenn sie nicht gefallen, k\u00f6nnen Dienstleistungen wie Fotografie nicht zur\u00fcckgegeben werden, auch wenn das Ergebnis nicht vollst\u00e4ndig den Erwartungen entspricht.<\/span><\/p>\n<h2><span class=\"tlid-translation translation\" lang=\"de\" style=\"font-family: Montserrat;\"><strong><span style=\"font-style: normal;\">Wie Funkioniert (f\u00fcr Portraits)?<\/span><\/strong><br><\/span><\/h2>\n<p>&nbsp;<\/p>\n<p><span class=\"tlid-translation translation\" lang=\"de\" style=\"font-family: Montserrat; font-size: 14pt; color: #808080;\"><span class=\"\" title=\"\">1- <a style=\"color: #808080;\" href=\"mailto:info@mariarapelafoto.com\">Write me<\/a> und sagen Sie mir, was Sie brauchen und wie ich Ihnen helfen kann:&nbsp;<\/span> <span class=\"\" title=\"\">info ( @ ) mariarapelafoto ( . ) com oder telefonisch unter der folgenden Nummer <a style=\"color: #808080;\" href=\"tel:+49(0)17644277015\">+49 017644277015<\/a><\/span>&nbsp; (<a style=\"color: #808080;\" href=\"https:\/\/wa.me\/17644277015\">Whatsapp<\/a> m\u00f6glich)<br><br><span class=\"\" title=\"\">2- Wir vereinbaren einen Termin f\u00fcr das Fotoshooting. F\u00fcr Portraits k\u00f6nnen Sie einen Termin online buchen.<\/span><br><br><span title=\"\">3- Wir treffen uns f\u00fcr das Fotoshooting. <\/span><br><br><span title=\"\">4- Nach dem Fotoshooting sende ich Ihnen die Rechnung per E-Mail und einen privaten Link zur Auswahl der Fotos <span class=\"\" title=\"\">von meinem <a style=\"color: #808080;\" href=\"https:\/\/www.pictrs.com\/?partner=709152\">Partner<\/a><\/span> Pictrs. <\/span><br><br><span title=\"\">5- Sie k\u00f6nnen per \u00dcberweisung oder PayPal bezahlen.<\/span><br><br><span class=\"\" title=\"\">6- Schicken Sie mir per E-Mail die Zahlungsbest\u00e4tigung. <\/span><br><br><span title=\"\">7- Sobald Sie Ihre Auswahl der besten Fotos mitteilen, werde ich sie bearbeiten.<\/span><br><br><span title=\"\">8- Ich werde Ihnen die bearbeiteten Fotos senden.<\/span> <span title=\"\">(Es kann zwischen 24 Stunden bis maximal 7 Tagen dauern, bis Sie die bearbeiteten Fotos erhalten.)<\/span><br><br><span title=\"\">* <\/span><span title=\"\">Falls Sie eine Expressausgabe ben\u00f6tigen, teilen Sie uns dies bitte im Voraus mit.<\/span>&nbsp;<span class=\"\" title=\"\">Dies ist mit zus\u00e4tzlichen Kosten verbunden.<\/span><br><br><span title=\"\">** Wenn Sie zus\u00e4tzliche Fotos w\u00fcnschen, k\u00f6nnen Sie diese separat erwerben.<\/span><br><br><span title=\"\">*** Sie k\u00f6nnen auch sp\u00e4ter, wenn Sie m\u00f6chten, einige der ausgew\u00e4hlten Fotos von uns drucken lassen.<br><\/span><\/span><\/p>\n<p><span style=\"font-family: Montserrat; font-size: 14pt; color: #808080;\">****&nbsp;<span class=\"tlid-translation translation\" lang=\"de\"><span class=\"\" title=\"\">Wenn Sie Fotos drau\u00dfen oder an einem bestimmten Ort w\u00fcnschen, teilen Sie uns dies bitte mit.&nbsp;<span class=\"alt-edited\" title=\"\">Fotos an besonderen Orten oder zu Hause\/ Arbeit verursachen zus\u00e4tzliche Kosten.<\/span><\/span><\/span><\/span><\/p>\n<h2><span style=\"font-family: Montserrat;\"><strong><span class=\"tlid-translation translation\" lang=\"de\" style=\"font-style: normal;\"><span class=\"alt-edited\" title=\"\">Zahlungsmethoden<\/span><\/span><\/strong><\/span><\/h2>\n<p><span style=\"font-family: Montserrat; font-size: 14pt;\"><strong><span class=\"tlid-translation translation\" lang=\"de\"><span class=\"\" title=\"\">Bank\u00fcberweisung<\/span><\/span><\/strong><\/span><\/p>\n<p><span style=\"font-family: Montserrat; color: #808080; font-size: 14pt;\">Maria Luisa Herrera Rapela<\/span><br><span style=\"font-family: Montserrat; color: #808080; font-size: 14pt;\">Berliner Sparkasse<\/span><br><span style=\"font-family: Montserrat; color: #808080; font-size: 14pt;\">IBAN: DE49100500006013525909<\/span><br><span style=\"font-family: Montserrat; color: #808080; font-size: 14pt;\">BIC: BELADEBEXXX<\/span><\/p>\n<p><span style=\"font-family: Montserrat; font-size: 14pt;\"><strong><span class=\"tlid-translation translation\" lang=\"de\"><span class=\"\" title=\"\">Auf mein Paypal-Konto<\/span><\/span><\/strong><\/span><\/p>\n<p><span style=\"font-family: Montserrat; color: #808080; font-size: 14pt;\"><a style=\"color: #808080;\" href=\"https:\/\/www.paypal.me\/collectivefoto\">https:\/\/www.paypal.me\/collectivefoto<\/a><\/span><\/p>\n<h2><span style=\"font-family: Montserrat;\"><strong><span class=\"tlid-translation translation\" lang=\"de\" style=\"font-style: normal;\"><span title=\"\">\u00c4nderungen der Angebote und Preise<\/span><\/span><\/strong><\/span><\/h2>\n<p><span style=\"font-family: Montserrat; font-size: 14pt;\">Die auf dieser Website ver\u00f6ffentlichten Angebote und Preise k\u00f6nnen sich jederzeit und ohne vorherige Ank\u00fcndigung \u00e4ndern. Ma\u00dfgeblich ist stets der Preis, der aktuell online angezeigt wird. Sollte jedoch vorab ein Preis individuell vereinbart worden sein, gilt dieser als verbindlich.<\/span><\/p>\n<h2><strong><span class=\"tlid-translation translation\" lang=\"de\"><span title=\"\">Individuelle Services &amp; Angebote<\/span><\/span><\/strong><\/h2>\n<p><span style=\"font-family: Montserrat; font-size: 14pt;\">Wenn Sie einen besonderen Service w\u00fcnschen, schreiben Sie mir gerne. Wir k\u00f6nnen uns zusammensetzen, Ihre W\u00fcnsche und Anforderungen besprechen, und ich erstelle Ihnen ein individuelles Angebot, das Sie in Ruhe pr\u00fcfen und annehmen oder ablehnen k\u00f6nnen.<\/span><\/p>\n<h2>Zus\u00e4tzliche Fotos &amp; Nutzungsrechte<\/h2>\n<p><span style=\"font-family: Montserrat; font-size: 14pt;\">Wenn Sie zus\u00e4tzliche Bilder mit Bearbeitungs- und Nutzungsrechten w\u00fcnschen, f\u00e4llt ein zus\u00e4tzlicher Preis an. Dieser richtet sich nach:<\/span><\/p>\n<ul>\n<li><span style=\"font-family: Montserrat; font-size: 14pt;\">der Art des Fotos (abh\u00e4ngig von der Art des Fotos \u2013 etwa Businessportr\u00e4ts, private Portr\u00e4ts, kommerzielle Bildnutzung oder k\u00fcnstlerische Aufnahmen (z.\u202fB. f\u00fcr Autorinnen oder Musikerinnen)<\/span><\/li>\n<li><span style=\"font-family: Montserrat; font-size: 14pt;\">dem gew\u00fcnschten Verwendungszweck<\/span><\/li>\n<li><span style=\"font-family: Montserrat; font-size: 14pt;\">dem Umfang der Nutzung (z.\u202fB. Website, Werbung, Print)<\/span><\/li>\n<li><span style=\"font-family: Montserrat; font-size: 14pt;\">dem Zeitpunkt und der Dauer der Nutzung<\/span><\/li>\n<\/ul>\n<h2>Bildrechte &amp; Nutzungsrechte der Fotografin<\/h2>\n<p><span style=\"font-family: Montserrat; font-size: 14pt;\">Die Fotografin bleibt Urheberin der Fotos. Bei jeder \u00f6ffentlichen Verwendung muss ihr Name als Urheberin genannt werden.<\/span><\/p>\n<p><span style=\"font-family: Montserrat; font-size: 14pt;\">Jede Kundin bzw. jeder Kunde erh\u00e4lt die Bilder mit eingeschr\u00e4nkten Nutzungsrechten, die r\u00e4umlich, zeitlich und inhaltlich auf die vereinbarte Nutzungsart begrenzt sind. Eine Verwendung au\u00dferhalb dieser Vereinbarung ist nicht gestattet und kann eine Urheberrechtsverletzung darstellen, die rechtliche Konsequenzen nach sich zieht.<\/span><\/p>\n<p><span style=\"font-family: Montserrat; font-size: 14pt;\">Wenn Sie die Fotos zu einem sp\u00e4teren Zeitpunkt f\u00fcr andere Zwecke nutzen m\u00f6chten, ist eine zus\u00e4tzliche Lizenzgeb\u00fchr erforderlich. Daher kann es sinnvoll sein, bereits im Vorfeld erweiterte Nutzungsrechte oder exklusive Bildrechte zu erwerben \u2013 gegen einen entsprechenden Aufpreis. So vermeiden Sie sp\u00e4tere Abstimmungen und haben volle rechtliche Klarheit \u00fcber die Verwendung.<\/span><\/p>\n<h2><strong><span class=\"tlid-translation translation\" lang=\"de\"><span title=\"\">\u00dcber Bildbearbeitung, Selbstwahrnehmung und meinen kreativen Prozess<\/span><\/span><\/strong><\/h2>\n<p><span style=\"color: #808080; font-size: 14pt; font-family: Montserrat;\">(Gilt haupts\u00e4chlich f\u00fcr Portr\u00e4tsessions)<\/span><\/p>\n<p><span style=\"color: #808080; font-size: 14pt; font-family: Montserrat;\">Als Fotografin ist es mein Anliegen, deine Pers\u00f6nlichkeit mit Sensibilit\u00e4t und Professionalit\u00e4t einzufangen. Dabei ist es wichtig zu verstehen, dass die eigene Selbstwahrnehmung einen gro\u00dfen Einfluss darauf hat, wie man sich auf Fotos sieht. Manchmal liegt es nicht an der Qualit\u00e4t des Bildes, sondern daran, wie man sich selbst gerade f\u00fchlt.<br>Diese Informationen beziehen sich vor allem auf Portr\u00e4tsessions, bei denen die Bildbearbeitung eine zentrale Rolle spielt und die emotionale Verbindung zum Bild besonders stark ist. Bei Events (wie Hochzeiten, Feiern oder Veranstaltungen) liegt der Fokus eher auf dokumentarischen Momenten, und die Bearbeitung ist meist leichter und allgemeiner gehalten.<\/span><\/p>\n<h2><strong><span class=\"tlid-translation translation\" lang=\"de\"><span title=\"\">Was beinhaltet die Bildbearbeitung bei Portr\u00e4tsessions?<\/span><\/span><\/strong><\/h2>\n<p><span style=\"color: #808080; font-size: 14pt; font-family: Montserrat;\">Je nach gebuchtem Paket variiert der Umfang der Bearbeitung. Hier eine klare \u00dcbersicht:<\/span><\/p>\n<p><strong><span style=\"font-family: Montserrat; font-size: 14pt;\">Basisbearbeitung (in allen Paketen enthalten):<\/span><\/strong><\/p>\n<ul>\n<li><span style=\"font-family: Montserrat; font-size: 14pt;\">Allgemeine Bildreinigung<\/span><\/li>\n<li><span style=\"font-family: Montserrat; font-size: 14pt;\">Zuschnitt und Ausrichtung<\/span><\/li>\n<li><span style=\"font-family: Montserrat; font-size: 14pt;\">Anpassung von Farbe, Kontrast, Licht, Korrektur von Schatten, Glanz und Textur<\/span><\/li>\n<li><span style=\"font-family: Montserrat; font-size: 14pt;\">Entfernung von ein oder zwei Hautunreinheiten<\/span><\/li>\n<li><span style=\"font-family: Montserrat; font-size: 14pt;\">Zeitaufwand: ca. 5\u201315 Minuten pro Bild<\/span><\/li>\n<\/ul>\n<p><strong><span style=\"font-family: Montserrat; font-size: 14pt;\">Professionelle Bearbeitung (nur in bestimmten Paketen oder als Zusatzleistung):<\/span><\/strong><\/p>\n<ul>\n<li><span style=\"font-family: Montserrat; font-size: 14pt;\">Allgemeine Bildreinigung<\/span><\/li>\n<li><span style=\"font-family: Montserrat; font-size: 14pt;\">Zuschnitt und Ausrichtung<\/span><\/li>\n<li><span style=\"font-family: Montserrat; font-size: 14pt;\">Anpassung von Farbe, Kontrast, Licht, Korrektur von Schatten, Glanz und Textur<\/span><\/li>\n<li><span style=\"font-family: Montserrat; font-size: 14pt;\">Detaillierte Hautretusche (ohne drastische Ver\u00e4nderungen)<\/span><\/li>\n<li><span style=\"font-family: Montserrat; font-size: 14pt;\">Zeitaufwand: ca. 20\u201330 Minuten pro Bild<\/span><\/li>\n<\/ul>\n<h2><strong><span class=\"tlid-translation translation\" lang=\"de\"><span title=\"\">Was<\/span><\/span><\/strong> ist, wenn ich weitere Bearbeitungen m\u00f6chte?<\/h2>\n<ul>\n<li><span style=\"font-size: 14pt; font-family: Montserrat;\">Nach der Bild\u00fcbergabe ist eine zus\u00e4tzliche Basisbearbeitung kostenlos m\u00f6glich.<\/span><\/li>\n<li><span style=\"font-size: 14pt; font-family: Montserrat;\">Weitere Bearbeitungen werden individuell berechnet \u2013 je nach gew\u00fcnschter \u00c4nderung. Dies wird direkt mit mir besprochen.<\/span><\/li>\n<\/ul>\n<h2>Keine unbearbeiteten oder qualitativ minderwertigen Bilder<\/h2>\n<p><span style=\"font-family: Montserrat; font-size: 14pt;\">Ich gebe keine unbearbeiteten Bilder heraus und keine Fotos, die ich als qualitativ unzureichend empfinde. Es ist mir sehr wichtig, dass jede \u00fcbergebene Aufnahme h\u00f6chste Qualit\u00e4t aufweist \u2013 sowohl technisch als auch k\u00fcnstlerisch.<\/span><br><span style=\"font-family: Montserrat; font-size: 14pt;\">Jedes Bild, das ich mit meinen Kund*innen teile, ist auch Ausdruck meines aktuellen kreativen Prozesses, beeinflusst von meiner Weltanschauung, meinem \u00e4sthetischen Empfinden und meiner k\u00fcnstlerischen Entwicklung. Das zeigt sich in der Bearbeitung, den Farbt\u00f6nen, dem Bildschnitt und dem Stil. Fotografie ist ein subjektiver Prozess, und meine Arbeit sucht die Balance zwischen Technik, Emotion und Kunst.<\/span><\/p>\n<h2>\u00dcber Selbstwahrnehmung<\/h2>\n<p><span style=\"font-family: Montserrat; font-size: 14pt;\">Ein echtes Beispiel aus meiner Arbeit:<\/span><\/p>\n<p><br><span style=\"font-family: Montserrat; font-size: 14pt;\">Eine Kundin war zun\u00e4chst sehr zufrieden mit ihren Fotos. Doch nach der Bearbeitung begann sie, sich nur auf die Dinge zu konzentrieren, die ihr nicht gefielen. Ich nahm einige \u00c4nderungen vor, um ihr entgegenzukommen, aber irgendwann machte ich keine weiteren Anpassungen. Ihre Selbstwahrnehmung war verzerrt. Trotzdem nutzte sie die Bilder f\u00fcr ihre Jobsuche \u2013 und zwei Monate sp\u00e4ter hatte sie eine neue Stelle!<\/span><br><span style=\"font-family: Montserrat; font-size: 14pt;\">Solche Erfahrungen zeigen mir, dass es manchmal nicht am Bild liegt, sondern daran, wie wir uns selbst sehen. Mein Ziel ist es, dich zu begleiten \u2013 aber auch klare, gesunde Grenzen zu setzen, um meinen kreativen Prozess und dein Wohlbefinden zu sch\u00fctzen.<\/span><\/p>\n<h2>\u00dcber Farbwahrnehmung und Bilddateien auf verschiedenen Ger\u00e4ten<\/h2>\n<p><span style=\"font-family: Montserrat; font-size: 14pt;\">Ein Thema, das h\u00e4ufig bei meinen Kund*innen aufkommt, ist die Farbwahrnehmung. Wenn Fotos auf einem Mobiltelefon betrachtet werden, ist Vorsicht geboten: Viele Smartphones verf\u00fcgen \u00fcber voreingestellte Farbprofile oder Bildoptimierungen, die die tats\u00e4chlichen Farben der gelieferten Fotos verf\u00e4lschen k\u00f6nnen. Ich arbeite mit einem True-Color-kalibrierten Bildschirm, der eine pr\u00e4zise Farbdarstellung gew\u00e4hrleistet \u2013 doch auf dem Handy k\u00f6nnen die Bilder ganz anders wirken.<\/span><\/p>\n<p><br><span style=\"font-family: Montserrat; font-size: 14pt;\">Ich empfehle daher dringend, die finalen Bilder auf einem Computer zu betrachten, um eine m\u00f6glichst realistische Farbwiedergabe zu erhalten.<\/span><\/p>\n<h2>Social-Media-Format vs. Druckformat: Warum die richtige Dateinutzung entscheidend ist<\/h2>\n<p><span style=\"font-family: Montserrat; font-size: 14pt;\">Druckqualit\u00e4t verstehen: Warum Social-Media-Dateien nicht gleich Druckdateien sind<\/span><br><span style=\"font-family: Montserrat; font-size: 14pt;\">Ebenso rate ich davon ab, die hochaufl\u00f6senden Druckdateien auf dem Handy oder Computer zu verwenden, um sie dort einfach anzusehen. Diese Dateien enthalten wesentlich mehr Bildinformationen als die Versionen f\u00fcr Social Media. Wird eine Druckdatei auf einem digitalen Ger\u00e4t ge\u00f6ffnet, kann es zu Verzerrungen kommen oder die Software komprimiert die Datei automatisch, was die Bildqualit\u00e4t deutlich mindert.<\/span><br><span style=\"font-family: Montserrat; font-size: 14pt;\">Ich f\u00fcge stets eine kurze Beschreibung zu jeder gelieferten Fotoauswahl hinzu, in der ich angebe, wof\u00fcr sich das jeweilige Bild am besten eignet \u2013 sei es f\u00fcr Social Media, Druckprodukte, Websites oder andere Verwendungszwecke. Diese Hinweise helfen meinen Kund*innen, die Bilder korrekt und in optimaler Qualit\u00e4t einzusetzen, und vermeiden technische Probleme wie Qualit\u00e4tsverluste oder falsche Farbdarstellungen.<\/span><\/p>\n<p>&nbsp;<\/p>\n<p><strong><span style=\"color: #808080; font-size: 14pt; font-family: Montserrat;\">Wenn Sie irgendwelche Zweifel oder Fragen haben, k\u00f6nnen Sie mich hier kontaktieren:<\/span><\/strong><\/p>\n<p><span class=\"tlid-translation translation\" lang=\"de\" style=\"font-family: Montserrat;\"><span class=\"\" style=\"font-size: 14pt; color: #808080;\" title=\"\">&nbsp;<\/span><\/span><\/p>\n<p><span style=\"font-family: Montserrat;\"><\/span><\/p>\n<p><span style=\"color: #808080; font-family: Montserrat; font-size: 14pt;\">info (@) mariarapelafoto.com<\/span><\/p>\n<p>&nbsp;<\/p>\n<p>&nbsp;<\/p>\n<\/div><\/div><\/div><\/div><\/div><\/div><\/div><\/div>","protected":false},"excerpt":{"rendered":"<p>Erl\u00e4uterungen zu den Angeboten auf dieser Website und zum Fotoservice Die hier vorgestellten Angebote stammen von mir, Maria Rapela, freiberufliche Fotografin, und richten sich an Einzelpersonen oder Unternehmen, die professionelle Fotos ben\u00f6tigen. Wenn Sie mein Angebot annehmen, vereinbaren wir gemeinsam einen Termin f\u00fcr ein Fotoshooting. Erl\u00e4ut Buchung &amp; Personalisierte Services Auf dieser Seite finden Sie [&hellip;]<\/p>\n","protected":false},"author":1,"featured_media":0,"parent":0,"menu_order":0,"comment_status":"closed","ping_status":"closed","template":"","meta":{"_acf_changed":false,"footnotes":""},"class_list":["post-18286","page","type-page","status-publish","hentry"],"acf":[],"_links":{"self":[{"href":"https:\/\/mariarapelafoto.com\/en\/wp-json\/wp\/v2\/pages\/18286","targetHints":{"allow":["GET"]}}],"collection":[{"href":"https:\/\/mariarapelafoto.com\/en\/wp-json\/wp\/v2\/pages"}],"about":[{"href":"https:\/\/mariarapelafoto.com\/en\/wp-json\/wp\/v2\/types\/page"}],"author":[{"embeddable":true,"href":"https:\/\/mariarapelafoto.com\/en\/wp-json\/wp\/v2\/users\/1"}],"replies":[{"embeddable":true,"href":"https:\/\/mariarapelafoto.com\/en\/wp-json\/wp\/v2\/comments?post=18286"}],"version-history":[{"count":0,"href":"https:\/\/mariarapelafoto.com\/en\/wp-json\/wp\/v2\/pages\/18286\/revisions"}],"wp:attachment":[{"href":"https:\/\/mariarapelafoto.com\/en\/wp-json\/wp\/v2\/media?parent=18286"}],"curies":[{"name":"wp","href":"https:\/\/api.w.org\/{rel}","templated":true}]}}