{"id":19935,"date":"2022-08-29T19:44:02","date_gmt":"2022-08-29T17:44:02","guid":{"rendered":"https:\/\/mariarapelafoto.com\/?page_id=19935"},"modified":"2024-08-13T14:42:44","modified_gmt":"2024-08-13T12:42:44","slug":"about-me-maria-rapela","status":"publish","type":"page","link":"https:\/\/mariarapelafoto.com\/de_de\/about-me-maria-rapela\/","title":{"rendered":""},"content":{"rendered":"<div class=\"vce-row-container\" data-vce-boxed-width=\"true\"><div class=\"vce-row vce-row--col-gap-30 vce-row-equal-height vce-row-content--top\" id=\"el-85a3b8e3\" data-vce-do-apply=\"all el-85a3b8e3\"><div class=\"vce-content-background-container\"><\/div><div class=\"vce-row-content\" data-vce-element-content=\"true\"><div class=\"vce-col vce-col--md-auto vce-col--xs-1 vce-col--xs-last vce-col--xs-first vce-col--sm-last vce-col--sm-first vce-col--md-first vce-col--lg-first vce-col--xl-first\" id=\"el-bdd801be\"><div class=\"vce-col-inner\" data-vce-do-apply=\"border margin background  el-bdd801be\"><div class=\"vce-col-content\" data-vce-element-content=\"true\" data-vce-do-apply=\"padding el-bdd801be\"><div class=\"vce-feature-description vce\" id=\"el-ed6e85e5\" data-vce-do-apply=\"all el-ed6e85e5\"><div><div class=\"vce-feature-description-image-wrapper vce-feature-description-image-align--center\" style=\"width: 300px;\"><div class=\"vce-feature-description-image vce-features-shape--filled-circle vce-feature-description-image--background-position-center-center lazyload\" style=\"background-image:inherit; padding: 0px 0px 100%;\" data-bg-image=\"url(&#039;https:\/\/mariarapelafoto.com\/wp-content\/uploads\/2024\/08\/Maria-Rapela-Foto-Portrait-Retrato-mio-2024-1.jpg&#039;)\"><\/div><\/div><div class=\"vce-feature-description-content\"><h1 style=\"text-align: center;\">&nbsp;<\/h1>\n<h1 style=\"text-align: center;\"><span style=\"font-family: Montserrat; font-size: 36pt; font-weight: bold; font-style: normal;\">Maria Rapela<\/span><\/h1><\/div><div class=\"\"><\/div><\/div><\/div><\/div><\/div><\/div><div class=\"vce-col vce-col--md-auto vce-col--xs-1 vce-col--xs-last vce-col--xs-first vce-col--sm-last vce-col--sm-first vce-col--md-last vce-col--lg-last vce-col--xl-last\" id=\"el-fb35677a\"><div class=\"vce-col-inner\" data-vce-do-apply=\"border margin background  el-fb35677a\"><div class=\"vce-col-content\" data-vce-element-content=\"true\" data-vce-do-apply=\"padding el-fb35677a\"><div class=\"vce-text-block\"><div class=\"vce-text-block-wrapper vce\" id=\"el-851e688c\" data-vce-do-apply=\"all el-851e688c\"><div>\n<p><!-- LayerSlider updates and docs at: https:\/\/layerslider.com --><noscript><\/p>\n<style>.vce-row-container .vcv-lozad {display: none}<\/style>\n<p><\/noscript><\/p>\n<\/div>\n<p>&nbsp;<\/p>\n<div>\n<p class=\"p1\"><span style=\"font-size: 14pt; font-family: Montserrat; color: #808080;\">Ich bin Quereinsteiger Fotografin mit Kunst und Anthropologie Studium.<\/span><\/p>\n<p class=\"p1\"><span style=\"font-size: 14pt; font-family: Montserrat; color: #808080;\">Viele Jahre lang war ich als Amateurfotografin t\u00e4tig und habe die Fotografie als Werkzeug w\u00e4hrend meines Studiums der Anthropologie eingesetzt oder um meine k\u00fcnstlerischen Arbeiten (Malerei) zu dokumentieren. Ich blogge seit 2007 und benutze Bilder und Texte, um zu kommunizieren.<\/span><\/p>\n<p class=\"p1\"><span style=\"font-size: 14pt; font-family: Montserrat; color: #808080;\">Es hat mir immer Freude bereitet, Momente und Menschen festzuhalten: Ereignisse, soziale Situationen, Begegnungen, besondere Zusammenk\u00fcnfte und Portraits.<\/span><\/p>\n<p class=\"p1\"><span style=\"font-size: 14pt; font-family: Montserrat; color: #808080;\">Mit der Zeit habe ich erkannt, wie wichtig die Fotografie ist, um visuelle Erinnerungen zu schaffen und Geschichten zu erz\u00e4hlen - sei es von einem kurzen Event oder von deinem Unternehmen, deiner Leidenschaft und so weiter.<\/span><\/p>\n<p class=\"p1\"><span style=\"font-size: 14pt; font-family: Montserrat; color: #808080;\">Im Jahr 2019 habe ich mich entschieden, meine Fotografie auf ein neues Level zu bringen. Ich habe mir eine professionelle Ausr\u00fcstung angeschafft, mehrere Workshops besucht und viel ge\u00fcbt. Seitdem konnte ich mein K\u00f6nnen unter Beweis stellen und vielen Menschen mit Eventfotografie oder professionellen Portr\u00e4ts weiterhelfen.<\/span><\/p>\n<p class=\"p1\"><span style=\"font-size: 14pt; font-family: Montserrat; color: #808080;\">Ich habe neben einigen pers\u00f6nlichen Fotoprojekten gelernt, dass es mir wichtig ist, anderen zu helfen und ihnen zu dienen. Wenn Sie mit mir \u00fcber Ihr Projekt, die Optimierung Ihres Unternehmensimages oder eine anstehende Veranstaltung sprechen m\u00f6chten, kontaktieren Sie mich gerne und wir k\u00f6nnen uns per Zoom oder bei einem Kaffee austauschen.<\/span><\/p>\n<p class=\"p1\"><span style=\"font-size: 14pt; font-family: Montserrat; color: #808080;\">Ich arbeite gerne mit Unternehmen (Corporate) und Privatpersonen zusammen, die meine fotografischen Dienstleistungen ben\u00f6tigen. Ich passe mich an jedes Projekt und jeden Bedarf an und kann Ihnen einen individuellen Vorschlag machen, der Ihren Erwartungen entspricht.<\/span><\/p>\n<p class=\"p1\"><span style=\"font-size: 14pt; font-family: Montserrat; color: #808080;\">Wenn Sie mehr \u00fcber meine malerische und k\u00fcnstlerische Arbeit erfahren m\u00f6chten, lade ich Sie ein, meine Website zu besuchen:<\/span><\/p>\n<p><a href=\"http:\/\/mariarapela.com\/\" target=\"_blank\" rel=\"noopener\"><span style=\"font-size: 14pt; font-family: Montserrat; color: #808080;\"><strong>mariarapela.com<\/strong><\/span><\/a><\/p>\n<p>&nbsp;<\/p>\n<\/div>\n<div>&nbsp;<\/div><\/div><\/div><\/div><\/div><\/div><\/div><\/div><\/div><div class=\"vce-row-container\" data-vce-boxed-width=\"true\"><div class=\"vce-row vce-row--col-gap-30 vce-row-equal-height vce-row-content--top\" id=\"el-048c4e1f\" data-vce-do-apply=\"all el-048c4e1f\"><div class=\"vce-row-content\" data-vce-element-content=\"true\"><div class=\"vce-col vce-col--md-auto vce-col--xs-1 vce-col--xs-last vce-col--xs-first vce-col--sm-last vce-col--sm-first vce-col--md-last vce-col--lg-last vce-col--xl-last vce-col--md-first vce-col--lg-first vce-col--xl-first\" id=\"el-fc0275cf\"><div class=\"vce-col-inner\" data-vce-do-apply=\"border margin background  el-fc0275cf\"><div class=\"vce-col-content\" data-vce-element-content=\"true\" data-vce-do-apply=\"padding el-fc0275cf\"><div class=\"vcv-row-control-wrapper\"><\/div><\/div><\/div><\/div><\/div><\/div><\/div>","protected":false},"excerpt":{"rendered":"<p>&nbsp; Maria Rapela &nbsp; Ich bin Quereinsteiger Fotografin mit Kunst und Anthropologie Studium. Viele Jahre lang war ich als Amateurfotografin t\u00e4tig und habe die Fotografie als Werkzeug w\u00e4hrend meines Studiums der Anthropologie eingesetzt oder um meine k\u00fcnstlerischen Arbeiten (Malerei) zu dokumentieren. Ich blogge seit 2007 und benutze Bilder und Texte, um zu kommunizieren. Es hat [&hellip;]<\/p>\n","protected":false},"author":1,"featured_media":0,"parent":0,"menu_order":0,"comment_status":"closed","ping_status":"closed","template":"","meta":{"_acf_changed":false,"footnotes":""},"class_list":["post-19935","page","type-page","status-publish","hentry"],"acf":[],"_links":{"self":[{"href":"https:\/\/mariarapelafoto.com\/de_de\/wp-json\/wp\/v2\/pages\/19935","targetHints":{"allow":["GET"]}}],"collection":[{"href":"https:\/\/mariarapelafoto.com\/de_de\/wp-json\/wp\/v2\/pages"}],"about":[{"href":"https:\/\/mariarapelafoto.com\/de_de\/wp-json\/wp\/v2\/types\/page"}],"author":[{"embeddable":true,"href":"https:\/\/mariarapelafoto.com\/de_de\/wp-json\/wp\/v2\/users\/1"}],"replies":[{"embeddable":true,"href":"https:\/\/mariarapelafoto.com\/de_de\/wp-json\/wp\/v2\/comments?post=19935"}],"version-history":[{"count":0,"href":"https:\/\/mariarapelafoto.com\/de_de\/wp-json\/wp\/v2\/pages\/19935\/revisions"}],"wp:attachment":[{"href":"https:\/\/mariarapelafoto.com\/de_de\/wp-json\/wp\/v2\/media?parent=19935"}],"curies":[{"name":"wp","href":"https:\/\/api.w.org\/{rel}","templated":true}]}}