{"id":17553,"date":"2020-03-24T16:40:22","date_gmt":"2020-03-24T15:40:22","guid":{"rendered":"http:\/\/maluigi-photo.com\/?page_id=17553"},"modified":"2023-03-15T16:20:14","modified_gmt":"2023-03-15T15:20:14","slug":"datenschutzerklaerung","status":"publish","type":"page","link":"https:\/\/mariarapelafoto.com\/de_de\/datenschutzerklaerung\/","title":{"rendered":""},"content":{"rendered":"<div class=\"vce-row-container\"><div class=\"vce-row vce-row--col-gap-30 vce-row-equal-height vce-row-content--top\" data-vce-full-width=\"true\" data-vce-stretch-content=\"true\" id=\"el-9f7334e2\" data-vce-do-apply=\"all el-9f7334e2\"><div class=\"vce-content-background-container\"><\/div><div class=\"vce-row-content\" data-vce-element-content=\"true\"><div class=\"vce-col vce-col--md-auto vce-col--xs-1 vce-col--xs-last vce-col--xs-first vce-col--sm-last vce-col--sm-first vce-col--md-last vce-col--lg-last vce-col--xl-last vce-col--md-first vce-col--lg-first vce-col--xl-first\" id=\"el-4b3f695c\"><div class=\"vce-col-inner\" data-vce-do-apply=\"border margin background  el-4b3f695c\"><div class=\"vce-col-content\" data-vce-element-content=\"true\" data-vce-do-apply=\"padding el-4b3f695c\"><div class=\"vce-row-container\"><div class=\"vce-row vce-element--has-background vce-row--col-gap-30 vce-row-content--top\" data-vce-full-width=\"true\" data-vce-stretch-content=\"true\" id=\"el-eea47c55\" data-vce-do-apply=\"all el-eea47c55\"><div class=\"vce-content-background-container\"><div class=\"vce-asset-parallax-container vce-visible-all-only\" data-vce-assets-parallax=\".vce-asset-parallax\" data-vce-assets-parallax-reverse=\"1\"><div class=\"vce-asset-parallax\" style=\"top: -30vh; bottom: -30vh; transform: translateY(-1.32421vh);\"><div class=\"vce-asset-color-gradient-container vce-visible-all-only\" data-vce-do-apply=\"gradient el-eea47c55\"><\/div><\/div><\/div><\/div><div class=\"vce-row-content\" data-vce-element-content=\"true\"><div class=\"vce-col vce-col--md-auto vce-col--xs-1 vce-col--xs-last vce-col--xs-first vce-col--sm-last vce-col--sm-first vce-col--md-last vce-col--lg-last vce-col--xl-last vce-col--md-first vce-col--lg-first vce-col--xl-first\" id=\"el-be700196\"><div class=\"vce-col-inner\" data-vce-do-apply=\"border margin background  el-be700196\"><div class=\"vce-col-content\" data-vce-element-content=\"true\" data-vce-do-apply=\"padding el-be700196\"><div class=\"vce-text-block\"><div class=\"vce-text-block-wrapper vce\" id=\"el-eb289e7f\" data-vce-do-apply=\"all el-eb289e7f\"><p style=\"text-align: center;\">&nbsp;<\/p>\n<p style=\"text-align: center;\"><span style=\"font-size: 24pt; color: #3e3d3d; font-weight: 600; font-style: normal;\"><span style=\"font-family: Montserrat;\"><span style=\"font-weight: bold; font-style: normal; font-size: 48pt;\">&nbsp;<\/span><\/span><\/span><\/p>\n<h1><span style=\"font-family: Montserrat; color: #808080; font-size: 36pt;\"><span style=\"color: #3e3d3d;\">Datensch\u00fctzerkl\u00e4rung:<\/span> <\/span><\/h1>\n<h2 style=\"text-align: left; line-height: 1;\">&nbsp;<\/h2>\n<p style=\"text-align: left; line-height: 1;\"><span style=\"font-size: 16pt; color: #808080; font-weight: inherit; font-style: inherit;\"><span style=\"font-family: Montserrat;\">&nbsp;<\/span><\/span><\/p>\n<p>&nbsp;<\/p><\/div><\/div><\/div><\/div><\/div><\/div><\/div><\/div><div class=\"vce-text-block\"><div class=\"vce-text-block-wrapper vce\" id=\"el-98e88cc1\" data-vce-do-apply=\"all el-98e88cc1\"><div><!-- LayerSlider updates and docs at: https:\/\/layerslider.com --><noscript><style>.vce-row-container .vcv-lozad {display: none}<\/style><\/noscript><\/div>\n<div>\n<div>\n<div>\n<div>\n<h2>&nbsp;<\/h2>\n<h2><span style=\"font-family: Montserrat; color: #808080; font-size: 16pt; font-weight: inherit; font-style: inherit;\">Welche personenbezogenen Daten wir sammeln und warum wir sie sammeln<\/span><\/h2>\n<h2>&nbsp;<\/h2>\n<h3><span style=\"font-family: Montserrat; color: #808080;\">Kommentare<\/span><\/h3>\n<p>&nbsp;<\/p>\n<p><span style=\"font-family: Montserrat; color: #808080; font-size: 14pt;\">Wenn Besucher Kommentare auf der Website schreiben, sammeln wir die Daten, die im Kommentar-Formular angezeigt werden, au\u00dferdem die IP-Adresse des Besuchers und den User-Agent-String (damit wird der Browser identifiziert), um die Erkennung von Spam zu unterst\u00fctzen.<\/span><\/p>\n<p>&nbsp;<\/p>\n<p><span style=\"font-family: Montserrat; color: #808080; font-size: 14pt;\">Aus deiner E-Mail-Adresse kann eine anonymisierte Zeichenfolge erstellt (auch Hash genannt) und dem Gravatar-Dienst \u00fcbergeben werden, um zu pr\u00fcfen, ob du diesen benutzt. Die Datenschutzerkl\u00e4rung des Gravatar-Dienstes findest du hier: https:\/\/automattic.com\/privacy\/. Nachdem dein Kommentar freigegeben wurde, ist dein Profilbild \u00f6ffentlich im Kontext deines Kommentars sichtbar.<\/span><\/p>\n<p>&nbsp;<\/p>\n<h3><span style=\"font-family: Montserrat; color: #808080;\">Datenschutzerkl\u00e4rung: Kontaktformulare<\/span><\/h3>\n<p><span style=\"font-family: Montserrat; color: #808080; font-size: 14pt;\">Wenn Sie eines der Formulare auf dem Home Page dieser Website ausf\u00fcllen, werden die Daten auf einem Strato-Server in Deutschland gespeichert und bei Mailchimp. Wenn Sie online einen Termin (Termin Buchen) mit mir vereinbaren m\u00f6chten, f\u00fcllen Sie ein Mailchimp-Formular aus, mit der Option, sich f\u00fcr den Newsletter anzumelden oder nicht. Sie k\u00f6nnen mir schreiben und mich bitten, die Daten zu l\u00f6schen. Ansonsten erfolgt die Kommunikation \u00fcber die E-Mail info @ mariarapelafoto.com, Korrespondenz, die auch mit den Strato-Servern gef\u00fchrt wird.<\/span><\/p>\n<p>&nbsp;<\/p>\n<h3><span style=\"font-family: Montserrat; color: #808080;\">Datenschutzerkl\u00e4rung:Cookies<\/span><\/h3>\n<p>&nbsp;<\/p>\n<p><span style=\"font-family: Montserrat; color: #808080; font-size: 14pt;\">Wenn Sie einen Kommentar auf unserer Website schreiben, kann das eine Einwilligung sein, deinen Namen, E-Mail-Adresse und Website in Cookies zu speichern. Dies ist eine Komfortfunktion, damit Sie nicht, wenn Sie einen weiteren Kommentar schreiben, all diese Daten erneut eingeben musst. Diese Cookies werden ein Jahr lang gespeichert.<\/span><\/p>\n<p>&nbsp;<\/p>\n<h3><span style=\"font-family: Montserrat; color: #808080;\">Datenschutzerkl\u00e4rung: Eingebettete Inhalte von anderen Websites<\/span><\/h3>\n<p><span style=\"font-family: Montserrat; color: #808080; font-size: 14pt;\">Der gr\u00f6\u00dfte Teil des Inhalts dieser Website ist urheberrechtlich gesch\u00fctzt und darf nicht ohne Genehmigung verwendet, gef\u00e4lscht, kopiert oder kommerziell genutzt werden, u.a. (Zum beispiel die Fotos oder die Texte)<br><\/span><\/p>\n<p>&nbsp;<\/p>\n<p><span style=\"font-family: Montserrat; color: #808080; font-size: 14pt;\">Diese Websites k\u00f6nnen Daten \u00fcber dich sammeln, Cookies benutzen, zus\u00e4tzliche Tracking-Dienste von Dritten einbetten und deine Interaktion mit diesem eingebetteten Inhalt aufzeichnen, inklusive deiner Interaktion mit dem eingebetteten Inhalt, falls du ein Konto hast und auf dieser Website angemeldet bist.<\/span><\/p>\n<p>&nbsp;<\/p>\n<h3><span style=\"font-family: Montserrat; color: #808080;\">Datenschutzerkl\u00e4rung: Analysedienste<\/span><\/h3>\n<p><span style=\"font-family: Montserrat; color: #808080; font-size: 14pt;\">Wir analysieren die Daten und Statistiken der Besuche mit Google Analytics. Wir verwenden sie haupts\u00e4chlich, um den Inhalt der Website zu verbessern und um unsere Kunden besser zu verstehen und ihnen einen besseren Service zu bieten.<\/span><\/p>\n<p>&nbsp;<\/p>\n<h3><span style=\"font-family: Montserrat; color: #808080;\">Datenschutzerkl\u00e4rung: Mit wem wir deine Daten teilen<\/span><\/h3>\n<p><span style=\"font-family: Montserrat; color: #808080; font-size: 14pt;\">Wenn Sie sich f\u00fcr eine Fotoshooting mit uns entscheiden, werden wir die Dienste einer dritten Partei (Pictrs.com) in Anspruch nehmen, um Ihnen die Fotos online zu schicken und Ihnen die Fotos zu zeigen, damit Sie die Fotos ausw\u00e4hlen k\u00f6nnen, die Ihnen am besten gefallen. Wenn Sie m\u00f6chten, k\u00f6nnen Sie auch online mit Abz\u00fcgen der ausgew\u00e4hlten Fotos bestellen.<\/span><\/p>\n<p><span style=\"font-family: Montserrat; color: #808080; font-size: 14pt;\">Wenn Sie einen Formular ausf\u00fcllen, werden diese Daten von Mailchimp und Typeform (Businessformular) verwaltet. <\/span><br><span style=\"font-family: Montserrat; color: #808080; font-size: 14pt;\">Sie werden nur von Maria Rapela zur Kommunikation und Beantwortung Ihrer Fragen sowie zur Koordinierung eines Termins verwendet. Dies wird durch eine ( info ( at ) mariarapelafoto.com<\/span><\/p>\n<p><span style=\"font-family: Montserrat; color: #808080; font-size: 14pt;\">Wenn Sie online einen Termin mit mir vereinbaren m\u00f6chten, f\u00fcllen Sie ein Mailchimp-Formular aus, mit der Option, sich f\u00fcr den Newsletter anzumelden oder nicht. Wenn Sie einen Termin \u00fcber dieses Unternehmen vereinbaren m\u00f6chten, erkl\u00e4ren Sie sich mit den Bedingungen einverstanden, die dieses Unternehmen auf seiner Website und bei der Datenerfassung.<\/span><\/p>\n<h3><span style=\"font-family: Montserrat; color: #808080;\">Wie lange wir deine Daten speichern<\/span><\/h3>\n<p>&nbsp;<\/p>\n<p><span style=\"font-family: Montserrat; color: #808080; font-size: 14pt;\">Wenn du einen Kommentar schreibst, wird dieser inklusive Metadaten zeitlich unbegrenzt gespeichert. Auf diese Art k\u00f6nnen wir Folgekommentare automatisch erkennen und freigeben, anstelle sie in einer Moderations-Warteschlange festzuhalten.<\/span><\/p>\n<p>&nbsp;<\/p>\n<h3><span style=\"font-family: Montserrat; color: #808080;\">Welche Rechte du an deinen Daten hast<\/span><\/h3>\n<p>&nbsp;<\/p>\n<p><span style=\"font-family: Montserrat; color: #808080; font-size: 14pt;\">Wenn du Kommentare geschrieben hast, kannst du einen Export deiner personenbezogenen Daten bei uns anfordern, inklusive aller Daten, die du uns mitgeteilt hast. Dar\u00fcber hinaus kannst du die L\u00f6schung aller personenbezogenen Daten, die wir von dir gespeichert haben, anfordern. Dies umfasst nicht die Daten, die wir aufgrund administrativer, rechtlicher oder sicherheitsrelevanter Notwendigkeiten aufbewahren m\u00fcssen.<\/span><\/p>\n<p>&nbsp;<\/p>\n<h3><span style=\"font-family: Montserrat; color: #808080;\">Wohin wir deine Daten senden<\/span><\/h3>\n<p>&nbsp;<\/p>\n<p><span style=\"font-family: Montserrat; color: #808080; font-size: 14pt;\">Besucher-Kommentare k\u00f6nnten von einem automatisierten Dienst zur Spam-Erkennung untersucht werden.<\/span><\/p>\n<h3><span style=\"font-family: Montserrat; color: #808080;\">Social Media<\/span><\/h3>\n<p><span style=\"font-family: Montserrat; color: #808080; font-size: 14pt;\">W\u00e4hrend des Fotoshootings lasse ich meine Kunden ein Formular ausf\u00fcllen, in dem sie akzeptieren, dass ich einige der besten Fotos von Maria Rapela Foto im Instagram\/Social Media\/Website zur Verf\u00fcgung stellen darf. Nur mit der Zustimmung werden wir Inhalte ver\u00f6ffentlichen, die dazu dienen, die Art unserer Arbeit zu zeigen.<\/span><\/p>\n<p><span style=\"font-family: Montserrat; color: #808080; font-size: 14pt;\">Wenn Sie m\u00f6chten, dass wir die Inhalte danach aus den Netzwerken\/Webseite entfernen, schreiben Sie bitte an info ( @ ) mariarapelafoto.com.<\/span><\/p>\n<h3><span style=\"font-family: Montserrat; color: #808080;\">Newsletter<\/span><\/h3>\n<p><span style=\"font-family: Montserrat; color: #808080; font-size: 14pt;\">Wenn Sie unseren Newsletter abonnieren, werden wir Sie mit Ihrem Einverst\u00e4ndnis in eine Mailchimp-Liste aufnehmen. Sie k\u00f6nnen den Newsletter jederzeit abbestellen.<\/span><\/p>\n<p>&nbsp;<\/p>\n<h3><span style=\"font-family: Montserrat; color: #808080;\">Partners <\/span><\/h3>\n<p><br><span style=\"font-family: Montserrat; color: #808080; font-size: 14pt;\">Wenn Sie einen Geschenkgutschein erwerben m\u00f6chten, Momentan ist nur \u00fcber meinen Partner Pictrs m\u00f6glich. Pictrs ist ein Deutsches Unternehmen, das Dienstleistungen f\u00fcr professionelle Fotografen anbietet.<\/span><br><span style=\"font-family: Montserrat; color: #808080; font-size: 14pt;\">Wenn Sie mit dem Kauf eines Gutscheins oder einer meiner Dienstleistungen (zum beispiel ein Businessfoto) \u00fcber dieses Unternehmen fortfahren m\u00f6chten, stimmen Sie den Datenschutzbestimmungen dieses Unternehmens zu. <\/span><br><span style=\"font-family: Montserrat; color: #808080; font-size: 14pt;\">Ich f\u00fchre den Service durch, sobald wir einen Termin mit der Person, die das Fotoshooting w\u00fcnscht, vereinbart haben.<\/span><\/p>\n<p><span style=\"font-family: Montserrat; color: #808080;\">Weitere Informationen<\/span><\/p>\n<h3><span style=\"font-family: Montserrat; color: #808080; font-size: 14pt;\">Bildrechte und Nutzungsrechte von Fotografien<\/span><\/h3>\n<p><span style=\"font-family: Montserrat; color: #808080; font-size: 14pt;\">Die von uns aufgenommenen Fotos unterliegen dem Urheberrecht des Fotografen. In jedem Fall und an jeden Kunden werden spezifische Nutzungsrechte an den Fotografien \u00fcbertragen. Sie werden nicht in der Lage sein, von den Fotos zu profitieren oder sie in unzul\u00e4ssiger Weise zu nutzen, mehr als die ihm gew\u00e4hrten Verwendungen.<\/span><\/p>\n<p><span style=\"font-family: Montserrat; color: #808080; font-size: 14pt;\">Wenn Sie irgendwelche Zweifel oder Fragen haben, k\u00f6nnen Sie mich hier kontaktieren:<\/span><\/p>\n<p>&nbsp;<\/p>\n<h2><span style=\"font-family: Montserrat; color: #808080;\">Kontakt<\/span><\/h2>\n<p><span style=\"font-family: Montserrat; color: #808080; font-size: 14pt;\">Maria Luisa Herrera Rapela<\/span><\/p>\n<p><span style=\"font-family: Montserrat; color: #808080; font-size: 14pt;\">Reinickendorfer Str. 114, SF<\/span><br><span style=\"font-family: Montserrat; color: #808080; font-size: 14pt;\">11347 Berlin<\/span><br><span style=\"font-family: Montserrat; color: #808080; font-size: 14pt;\">Deutschland<\/span><br><span style=\"font-family: Montserrat; color: #808080; font-size: 14pt;\">Handy: +(49) 017644277015<\/span><br><span style=\"font-family: Montserrat; color: #808080; font-size: 14pt;\">Email: info ( @ ) mariarapelafoto.com<\/span><\/p>\n<p>&nbsp;<\/p>\n<\/div>\n<div>\n<div id=\"trp-floater-ls\" class=\"trp-language-switcher-container trp-floater-ls-names trp-bottom-right trp-color-dark\" data-no-translation=\"\">\n<div id=\"trp-floater-ls-current-language\" class=\"trp-with-flags\"><a class=\"trp-floater-ls-disabled-language trp-ls-disabled-language\" href=\"#\"> <img decoding=\"async\" class=\"trp-flag-image lazyload\" title=\"Deutsch\" data-src=\"..\/..\/wp-content\/plugins\/translatepress-multilingual\/assets\/images\/flags\/de_DE.png\" alt=\"de_DE\" width=\"18\" height=\"12\" src=\"data:image\/svg+xml;base64,PHN2ZyB3aWR0aD0iMSIgaGVpZ2h0PSIxIiB4bWxucz0iaHR0cDovL3d3dy53My5vcmcvMjAwMC9zdmciPjwvc3ZnPg==\" style=\"--smush-placeholder-width: 18px; --smush-placeholder-aspect-ratio: 18\/12;\">Deutsch <\/a><\/div>\n<div id=\"trp-floater-ls-language-list\" class=\"trp-with-flags\">\n<div class=\"trp-language-wrap\"><a title=\"English\" href=\"..\/..\/en\/datenschutzerklaerung\/?vcv-ajax=1\"> <img decoding=\"async\" class=\"trp-flag-image lazyload\" title=\"English\" data-src=\"..\/..\/wp-content\/plugins\/translatepress-multilingual\/assets\/images\/flags\/en_US.png\" alt=\"en_US\" width=\"18\" height=\"12\" src=\"data:image\/svg+xml;base64,PHN2ZyB3aWR0aD0iMSIgaGVpZ2h0PSIxIiB4bWxucz0iaHR0cDovL3d3dy53My5vcmcvMjAwMC9zdmciPjwvc3ZnPg==\" style=\"--smush-placeholder-width: 18px; --smush-placeholder-aspect-ratio: 18\/12;\">English <\/a> <a class=\"trp-floater-ls-disabled-language trp-ls-disabled-language\" href=\"#\"><img decoding=\"async\" class=\"trp-flag-image lazyload\" title=\"Deutsch\" data-src=\"..\/..\/wp-content\/plugins\/translatepress-multilingual\/assets\/images\/flags\/de_DE.png\" alt=\"de_DE\" width=\"18\" height=\"12\" src=\"data:image\/svg+xml;base64,PHN2ZyB3aWR0aD0iMSIgaGVpZ2h0PSIxIiB4bWxucz0iaHR0cDovL3d3dy53My5vcmcvMjAwMC9zdmciPjwvc3ZnPg==\" style=\"--smush-placeholder-width: 18px; --smush-placeholder-aspect-ratio: 18\/12;\">Deutsch<\/a><\/div>\n<\/div>\n<\/div>\n<\/div>\n<\/div>\n<div>\n<div id=\"trp-floater-ls\" class=\"trp-language-switcher-container trp-floater-ls-names trp-bottom-right trp-color-dark\" data-no-translation=\"\">\n<div id=\"trp-floater-ls-current-language\" class=\"trp-with-flags\"><a class=\"trp-floater-ls-disabled-language trp-ls-disabled-language\" href=\"#\"> <img decoding=\"async\" class=\"trp-flag-image lazyload\" title=\"Deutsch\" data-src=\"..\/..\/wp-content\/plugins\/translatepress-multilingual\/assets\/images\/flags\/de_DE.png\" alt=\"de_DE\" width=\"18\" height=\"12\" src=\"data:image\/svg+xml;base64,PHN2ZyB3aWR0aD0iMSIgaGVpZ2h0PSIxIiB4bWxucz0iaHR0cDovL3d3dy53My5vcmcvMjAwMC9zdmciPjwvc3ZnPg==\" style=\"--smush-placeholder-width: 18px; --smush-placeholder-aspect-ratio: 18\/12;\">Deutsch <\/a><\/div>\n<div id=\"trp-floater-ls-language-list\" class=\"trp-with-flags\">\n<div class=\"trp-language-wrap\"><a title=\"English\" href=\"..\/..\/en\/datenschutzerklaerung\/?vcv-ajax=1\"> <img decoding=\"async\" class=\"trp-flag-image lazyload\" title=\"English\" data-src=\"..\/..\/wp-content\/plugins\/translatepress-multilingual\/assets\/images\/flags\/en_US.png\" alt=\"en_US\" width=\"18\" height=\"12\" src=\"data:image\/svg+xml;base64,PHN2ZyB3aWR0aD0iMSIgaGVpZ2h0PSIxIiB4bWxucz0iaHR0cDovL3d3dy53My5vcmcvMjAwMC9zdmciPjwvc3ZnPg==\" style=\"--smush-placeholder-width: 18px; --smush-placeholder-aspect-ratio: 18\/12;\">English <\/a> <a class=\"trp-floater-ls-disabled-language trp-ls-disabled-language\" href=\"#\"><img decoding=\"async\" class=\"trp-flag-image lazyload\" title=\"Deutsch\" data-src=\"..\/..\/wp-content\/plugins\/translatepress-multilingual\/assets\/images\/flags\/de_DE.png\" alt=\"de_DE\" width=\"18\" height=\"12\" src=\"data:image\/svg+xml;base64,PHN2ZyB3aWR0aD0iMSIgaGVpZ2h0PSIxIiB4bWxucz0iaHR0cDovL3d3dy53My5vcmcvMjAwMC9zdmciPjwvc3ZnPg==\" style=\"--smush-placeholder-width: 18px; --smush-placeholder-aspect-ratio: 18\/12;\">Deutsch<\/a><\/div>\n<\/div>\n<\/div>\n<\/div>\n<p>&nbsp;<\/p>\n<\/div>\n<div>\n<div id=\"trp-floater-ls\" class=\"trp-language-switcher-container trp-floater-ls-names trp-bottom-right trp-color-dark\" data-no-translation=\"\">\n<div id=\"trp-floater-ls-current-language\" class=\"trp-with-flags\"><a class=\"trp-floater-ls-disabled-language trp-ls-disabled-language\" href=\"#\"> <img decoding=\"async\" class=\"trp-flag-image lazyload\" title=\"Deutsch\" data-src=\"..\/..\/wp-content\/plugins\/translatepress-multilingual\/assets\/images\/flags\/de_DE.png\" alt=\"de_DE\" width=\"18\" height=\"12\" src=\"data:image\/svg+xml;base64,PHN2ZyB3aWR0aD0iMSIgaGVpZ2h0PSIxIiB4bWxucz0iaHR0cDovL3d3dy53My5vcmcvMjAwMC9zdmciPjwvc3ZnPg==\" style=\"--smush-placeholder-width: 18px; --smush-placeholder-aspect-ratio: 18\/12;\">Deutsch <\/a><\/div>\n<div id=\"trp-floater-ls-language-list\" class=\"trp-with-flags\">\n<div class=\"trp-language-wrap\"><a title=\"English\" href=\"..\/..\/en\/datenschutzerklaerung\/?vcv-ajax=1\"> <img decoding=\"async\" class=\"trp-flag-image lazyload\" title=\"English\" data-src=\"..\/..\/wp-content\/plugins\/translatepress-multilingual\/assets\/images\/flags\/en_US.png\" alt=\"en_US\" width=\"18\" height=\"12\" src=\"data:image\/svg+xml;base64,PHN2ZyB3aWR0aD0iMSIgaGVpZ2h0PSIxIiB4bWxucz0iaHR0cDovL3d3dy53My5vcmcvMjAwMC9zdmciPjwvc3ZnPg==\" style=\"--smush-placeholder-width: 18px; --smush-placeholder-aspect-ratio: 18\/12;\">English <\/a> <a class=\"trp-floater-ls-disabled-language trp-ls-disabled-language\" href=\"#\"><img decoding=\"async\" class=\"trp-flag-image lazyload\" title=\"Deutsch\" data-src=\"..\/..\/wp-content\/plugins\/translatepress-multilingual\/assets\/images\/flags\/de_DE.png\" alt=\"de_DE\" width=\"18\" height=\"12\" src=\"data:image\/svg+xml;base64,PHN2ZyB3aWR0aD0iMSIgaGVpZ2h0PSIxIiB4bWxucz0iaHR0cDovL3d3dy53My5vcmcvMjAwMC9zdmciPjwvc3ZnPg==\" style=\"--smush-placeholder-width: 18px; --smush-placeholder-aspect-ratio: 18\/12;\">Deutsch<\/a><\/div>\n<\/div>\n<\/div>\n<\/div>\n<p>&nbsp;<\/p>\n<\/div>\n<div>\n<div id=\"trp-floater-ls\" class=\"trp-language-switcher-container trp-floater-ls-names trp-bottom-right trp-color-dark\" data-no-translation=\"\">\n<div id=\"trp-floater-ls-current-language\" class=\"trp-with-flags\"><a class=\"trp-floater-ls-disabled-language trp-ls-disabled-language\" href=\"#\"> <img decoding=\"async\" class=\"trp-flag-image lazyload\" title=\"Deutsch\" data-src=\"..\/..\/wp-content\/plugins\/translatepress-multilingual\/assets\/images\/flags\/de_DE.png\" alt=\"de_DE\" width=\"18\" height=\"12\" src=\"data:image\/svg+xml;base64,PHN2ZyB3aWR0aD0iMSIgaGVpZ2h0PSIxIiB4bWxucz0iaHR0cDovL3d3dy53My5vcmcvMjAwMC9zdmciPjwvc3ZnPg==\" style=\"--smush-placeholder-width: 18px; --smush-placeholder-aspect-ratio: 18\/12;\">Deutsch <\/a><\/div>\n<div id=\"trp-floater-ls-language-list\" class=\"trp-with-flags\">\n<div class=\"trp-language-wrap\"><a title=\"English\" href=\"..\/..\/en\/datenschutzerklaerung\/?vcv-ajax=1\"> <img decoding=\"async\" class=\"trp-flag-image lazyload\" title=\"English\" data-src=\"..\/..\/wp-content\/plugins\/translatepress-multilingual\/assets\/images\/flags\/en_US.png\" alt=\"en_US\" width=\"18\" height=\"12\" src=\"data:image\/svg+xml;base64,PHN2ZyB3aWR0aD0iMSIgaGVpZ2h0PSIxIiB4bWxucz0iaHR0cDovL3d3dy53My5vcmcvMjAwMC9zdmciPjwvc3ZnPg==\" style=\"--smush-placeholder-width: 18px; --smush-placeholder-aspect-ratio: 18\/12;\">English <\/a> <a class=\"trp-floater-ls-disabled-language trp-ls-disabled-language\" href=\"#\"><img decoding=\"async\" class=\"trp-flag-image lazyload\" title=\"Deutsch\" data-src=\"..\/..\/wp-content\/plugins\/translatepress-multilingual\/assets\/images\/flags\/de_DE.png\" alt=\"de_DE\" width=\"18\" height=\"12\" src=\"data:image\/svg+xml;base64,PHN2ZyB3aWR0aD0iMSIgaGVpZ2h0PSIxIiB4bWxucz0iaHR0cDovL3d3dy53My5vcmcvMjAwMC9zdmciPjwvc3ZnPg==\" style=\"--smush-placeholder-width: 18px; --smush-placeholder-aspect-ratio: 18\/12;\">Deutsch<\/a><\/div>\n<\/div>\n<\/div>\n<\/div>\n<p>&nbsp;<\/p><\/div><\/div><div class=\"vce-row-container\"><div class=\"vce-row vce-row--col-gap-30 vce-row-equal-height vce-row-content--top\" data-vce-full-width=\"true\" data-vce-stretch-content=\"true\" id=\"el-d22a9f31\" data-vce-do-apply=\"all el-d22a9f31\"><div class=\"vce-row-content\" data-vce-element-content=\"true\"><div class=\"vce-col vce-col--md-auto vce-col--xs-1 vce-col--xs-last vce-col--xs-first vce-col--sm-last vce-col--sm-first vce-col--md-last vce-col--lg-last vce-col--xl-last vce-col--md-first vce-col--lg-first vce-col--xl-first\" id=\"el-1eeeb730\"><div class=\"vce-col-inner\" data-vce-do-apply=\"border margin background  el-1eeeb730\"><div class=\"vce-col-content\" data-vce-element-content=\"true\" data-vce-do-apply=\"padding el-1eeeb730\"><div><\/div><\/div><\/div><\/div><\/div><\/div><\/div><\/div><\/div><\/div><\/div><\/div><\/div>","protected":false},"excerpt":{"rendered":"<p>&nbsp; &nbsp; Datensch\u00fctzerkl\u00e4rung: &nbsp; &nbsp; &nbsp; &nbsp; Welche personenbezogenen Daten wir sammeln und warum wir sie sammeln &nbsp; Kommentare &nbsp; Wenn Besucher Kommentare auf der Website schreiben, sammeln wir die Daten, die im Kommentar-Formular angezeigt werden, au\u00dferdem die IP-Adresse des Besuchers und den User-Agent-String (damit wird der Browser identifiziert), um die Erkennung von Spam zu [&hellip;]<\/p>\n","protected":false},"author":1,"featured_media":0,"parent":0,"menu_order":0,"comment_status":"closed","ping_status":"closed","template":"","meta":{"_acf_changed":false,"footnotes":""},"class_list":["post-17553","page","type-page","status-publish","hentry"],"acf":[],"_links":{"self":[{"href":"https:\/\/mariarapelafoto.com\/de_de\/wp-json\/wp\/v2\/pages\/17553","targetHints":{"allow":["GET"]}}],"collection":[{"href":"https:\/\/mariarapelafoto.com\/de_de\/wp-json\/wp\/v2\/pages"}],"about":[{"href":"https:\/\/mariarapelafoto.com\/de_de\/wp-json\/wp\/v2\/types\/page"}],"author":[{"embeddable":true,"href":"https:\/\/mariarapelafoto.com\/de_de\/wp-json\/wp\/v2\/users\/1"}],"replies":[{"embeddable":true,"href":"https:\/\/mariarapelafoto.com\/de_de\/wp-json\/wp\/v2\/comments?post=17553"}],"version-history":[{"count":0,"href":"https:\/\/mariarapelafoto.com\/de_de\/wp-json\/wp\/v2\/pages\/17553\/revisions"}],"wp:attachment":[{"href":"https:\/\/mariarapelafoto.com\/de_de\/wp-json\/wp\/v2\/media?parent=17553"}],"curies":[{"name":"wp","href":"https:\/\/api.w.org\/{rel}","templated":true}]}}